{"id":791,"date":"2025-04-10T23:12:36","date_gmt":"2025-04-10T21:12:36","guid":{"rendered":"https:\/\/muzacafe.test.youngmedia.dev\/menu\/"},"modified":"2025-10-15T16:21:53","modified_gmt":"2025-10-15T14:21:53","slug":"menu","status":"publish","type":"page","link":"https:\/\/www.muzacafe.cz\/en\/menu\/","title":{"rendered":"Menu"},"content":{"rendered":"\t\t<div data-elementor-type=\"wp-page\" data-elementor-id=\"791\" class=\"elementor elementor-791 elementor-298\" data-elementor-post-type=\"page\">\n\t\t\t\t<div class=\"elementor-element elementor-element-bc8a9f7 e-con-full e-flex e-con e-parent\" data-id=\"bc8a9f7\" data-element_type=\"container\" data-e-type=\"container\" data-settings=\"{&quot;background_background&quot;:&quot;classic&quot;}\">\n\t\t<div class=\"elementor-element elementor-element-bf22c5a e-flex e-con-boxed e-con e-child\" data-id=\"bf22c5a\" data-element_type=\"container\" data-e-type=\"container\">\n\t\t\t\t\t<div class=\"e-con-inner\">\n\t\t<div class=\"elementor-element elementor-element-e38a7fc e-con-full e-flex e-con e-child\" data-id=\"e38a7fc\" data-element_type=\"container\" data-e-type=\"container\" data-settings=\"{&quot;background_background&quot;:&quot;classic&quot;}\">\n\t\t<div class=\"elementor-element elementor-element-f40b155 e-flex e-con-boxed e-con e-child\" data-id=\"f40b155\" data-element_type=\"container\" data-e-type=\"container\" data-settings=\"{&quot;background_background&quot;:&quot;classic&quot;}\">\n\t\t\t\t\t<div class=\"e-con-inner\">\n\t\t<div class=\"elementor-element elementor-element-bf167d5 e-con-full e-flex e-con e-child\" data-id=\"bf167d5\" data-element_type=\"container\" data-e-type=\"container\" data-settings=\"{&quot;background_background&quot;:&quot;gradient&quot;}\">\n\t\t\t\t<div class=\"elementor-element elementor-element-7315c4c elementor-widget elementor-widget-menu-anchor\" data-id=\"7315c4c\" data-element_type=\"widget\" data-e-type=\"widget\" data-widget_type=\"menu-anchor.default\">\n\t\t\t\t<div class=\"elementor-widget-container\">\n\t\t\t\t\t\t\t<div class=\"elementor-menu-anchor\" id=\"obsah\"><\/div>\n\t\t\t\t\t\t<\/div>\n\t\t\t\t<\/div>\n\t\t\t\t<\/div>\n\t\t<div class=\"elementor-element elementor-element-ddec372 e-con-full e-flex e-con e-child\" data-id=\"ddec372\" data-element_type=\"container\" data-e-type=\"container\">\n\t\t\t\t<div class=\"elementor-element elementor-element-d834dc1 elementor-widget elementor-widget-image\" data-id=\"d834dc1\" data-element_type=\"widget\" data-e-type=\"widget\" data-widget_type=\"image.default\">\n\t\t\t\t<div class=\"elementor-widget-container\">\n\t\t\t\t\t\t\t\t\t\t\t\t\t\t\t<img fetchpriority=\"high\" decoding=\"async\" width=\"724\" height=\"1536\" src=\"https:\/\/www.muzacafe.cz\/wp-content\/uploads\/2025\/07\/Muza-Menu-EN-1-724x1536.jpg\" class=\"attachment-1536x1536 size-1536x1536 wp-image-875\" alt=\"\" srcset=\"https:\/\/www.muzacafe.cz\/wp-content\/uploads\/2025\/07\/Muza-Menu-EN-1-724x1536.jpg 724w, https:\/\/www.muzacafe.cz\/wp-content\/uploads\/2025\/07\/Muza-Menu-EN-1-141x300.jpg 141w, https:\/\/www.muzacafe.cz\/wp-content\/uploads\/2025\/07\/Muza-Menu-EN-1-483x1024.jpg 483w, https:\/\/www.muzacafe.cz\/wp-content\/uploads\/2025\/07\/Muza-Menu-EN-1-768x1629.jpg 768w, https:\/\/www.muzacafe.cz\/wp-content\/uploads\/2025\/07\/Muza-Menu-EN-1.jpg 827w\" sizes=\"(max-width: 724px) 100vw, 724px\" \/>\t\t\t\t\t\t\t\t\t\t\t\t\t\t\t<\/div>\n\t\t\t\t<\/div>\n\t\t\t\t<div class=\"elementor-element elementor-element-196c0d9 elementor-widget elementor-widget-image\" data-id=\"196c0d9\" data-element_type=\"widget\" data-e-type=\"widget\" data-widget_type=\"image.default\">\n\t\t\t\t<div class=\"elementor-widget-container\">\n\t\t\t\t\t\t\t\t\t\t\t\t\t\t\t<img decoding=\"async\" width=\"724\" height=\"1536\" src=\"https:\/\/www.muzacafe.cz\/wp-content\/uploads\/2025\/07\/Muza-Menu-EN-2-724x1536.jpg\" class=\"attachment-1536x1536 size-1536x1536 wp-image-873\" alt=\"\" srcset=\"https:\/\/www.muzacafe.cz\/wp-content\/uploads\/2025\/07\/Muza-Menu-EN-2-724x1536.jpg 724w, https:\/\/www.muzacafe.cz\/wp-content\/uploads\/2025\/07\/Muza-Menu-EN-2-141x300.jpg 141w, https:\/\/www.muzacafe.cz\/wp-content\/uploads\/2025\/07\/Muza-Menu-EN-2-483x1024.jpg 483w, https:\/\/www.muzacafe.cz\/wp-content\/uploads\/2025\/07\/Muza-Menu-EN-2-768x1629.jpg 768w, https:\/\/www.muzacafe.cz\/wp-content\/uploads\/2025\/07\/Muza-Menu-EN-2.jpg 827w\" sizes=\"(max-width: 724px) 100vw, 724px\" \/>\t\t\t\t\t\t\t\t\t\t\t\t\t\t\t<\/div>\n\t\t\t\t<\/div>\n\t\t\t\t<\/div>\n\t\t\t\t<div class=\"elementor-element elementor-element-54fc031 elementor-absolute animated-slow elementor-invisible elementor-widget elementor-widget-image\" data-id=\"54fc031\" data-element_type=\"widget\" data-e-type=\"widget\" data-settings=\"{&quot;_position&quot;:&quot;absolute&quot;,&quot;_animation&quot;:&quot;slideInRight&quot;}\" data-widget_type=\"image.default\">\n\t\t\t\t<div class=\"elementor-widget-container\">\n\t\t\t\t\t\t\t\t\t\t\t\t\t\t\t<img decoding=\"async\" width=\"167\" height=\"403\" src=\"https:\/\/www.muzacafe.cz\/wp-content\/uploads\/2025\/04\/Asset-10.svg\" class=\"attachment-full size-full wp-image-333\" alt=\"\" \/>\t\t\t\t\t\t\t\t\t\t\t\t\t\t\t<\/div>\n\t\t\t\t<\/div>\n\t\t\t\t\t<\/div>\n\t\t\t\t<\/div>\n\t\t\t\t<\/div>\n\t\t\t\t\t<\/div>\n\t\t\t\t<\/div>\n\t\t<div class=\"elementor-element elementor-element-25ace4d e-con-full e-flex e-con e-child\" data-id=\"25ace4d\" data-element_type=\"container\" data-e-type=\"container\" data-settings=\"{&quot;background_background&quot;:&quot;gradient&quot;}\">\n\t\t\t\t<\/div>\n\t\t\t\t<\/div>\n\t\t\t\t<\/div>\n\t\t","protected":false},"excerpt":{"rendered":"","protected":false},"author":1,"featured_media":0,"parent":0,"menu_order":0,"comment_status":"closed","ping_status":"closed","template":"","meta":{"footnotes":""},"class_list":["post-791","page","type-page","status-publish","hentry"],"yoast_head":"<!-- This site is optimized with the Yoast SEO plugin v27.4 - https:\/\/yoast.com\/product\/yoast-seo-wordpress\/ -->\n<title>Menu - M\u00faza caf\u00e9<\/title>\n<meta name=\"robots\" content=\"index, follow, max-snippet:-1, max-image-preview:large, max-video-preview:-1\" \/>\n<link rel=\"canonical\" href=\"https:\/\/www.muzacafe.cz\/en\/menu\/\" \/>\n<meta property=\"og:locale\" content=\"en_US\" \/>\n<meta property=\"og:type\" content=\"article\" \/>\n<meta property=\"og:title\" content=\"Menu - M\u00faza caf\u00e9\" \/>\n<meta property=\"og:url\" content=\"https:\/\/www.muzacafe.cz\/en\/menu\/\" \/>\n<meta property=\"og:site_name\" content=\"M\u00faza caf\u00e9\" \/>\n<meta property=\"article:modified_time\" content=\"2025-10-15T14:21:53+00:00\" \/>\n<meta property=\"og:image\" content=\"https:\/\/www.muzacafe.cz\/wp-content\/uploads\/2025\/07\/Muza-Menu-CZ-1.jpg\" \/>\n\t<meta property=\"og:image:width\" content=\"827\" \/>\n\t<meta property=\"og:image:height\" content=\"1754\" \/>\n\t<meta property=\"og:image:type\" content=\"image\/jpeg\" \/>\n<meta name=\"twitter:card\" content=\"summary_large_image\" \/>\n<script type=\"application\/ld+json\" class=\"yoast-schema-graph\">{\"@context\":\"https:\\\/\\\/schema.org\",\"@graph\":[{\"@type\":\"WebPage\",\"@id\":\"https:\\\/\\\/www.muzacafe.cz\\\/en\\\/menu\\\/\",\"url\":\"https:\\\/\\\/www.muzacafe.cz\\\/en\\\/menu\\\/\",\"name\":\"Menu - M\u00faza caf\u00e9\",\"isPartOf\":{\"@id\":\"https:\\\/\\\/www.muzacafe.cz\\\/en\\\/#website\"},\"primaryImageOfPage\":{\"@id\":\"https:\\\/\\\/www.muzacafe.cz\\\/en\\\/menu\\\/#primaryimage\"},\"image\":{\"@id\":\"https:\\\/\\\/www.muzacafe.cz\\\/en\\\/menu\\\/#primaryimage\"},\"thumbnailUrl\":\"https:\\\/\\\/www.muzacafe.cz\\\/wp-content\\\/uploads\\\/2025\\\/07\\\/Muza-Menu-CZ-1-724x1536.jpg\",\"datePublished\":\"2025-04-10T21:12:36+00:00\",\"dateModified\":\"2025-10-15T14:21:53+00:00\",\"breadcrumb\":{\"@id\":\"https:\\\/\\\/www.muzacafe.cz\\\/en\\\/menu\\\/#breadcrumb\"},\"inLanguage\":\"en-US\",\"potentialAction\":[{\"@type\":\"ReadAction\",\"target\":[\"https:\\\/\\\/www.muzacafe.cz\\\/en\\\/menu\\\/\"]}]},{\"@type\":\"ImageObject\",\"inLanguage\":\"en-US\",\"@id\":\"https:\\\/\\\/www.muzacafe.cz\\\/en\\\/menu\\\/#primaryimage\",\"url\":\"https:\\\/\\\/www.muzacafe.cz\\\/wp-content\\\/uploads\\\/2025\\\/07\\\/Muza-Menu-CZ-1-724x1536.jpg\",\"contentUrl\":\"https:\\\/\\\/www.muzacafe.cz\\\/wp-content\\\/uploads\\\/2025\\\/07\\\/Muza-Menu-CZ-1-724x1536.jpg\"},{\"@type\":\"BreadcrumbList\",\"@id\":\"https:\\\/\\\/www.muzacafe.cz\\\/en\\\/menu\\\/#breadcrumb\",\"itemListElement\":[{\"@type\":\"ListItem\",\"position\":1,\"name\":\"Dom\u016f\",\"item\":\"https:\\\/\\\/www.muzacafe.cz\\\/en\\\/\"},{\"@type\":\"ListItem\",\"position\":2,\"name\":\"Menu\"}]},{\"@type\":\"WebSite\",\"@id\":\"https:\\\/\\\/www.muzacafe.cz\\\/en\\\/#website\",\"url\":\"https:\\\/\\\/www.muzacafe.cz\\\/en\\\/\",\"name\":\"M\u00faza caf\u00e9\",\"description\":\"V\u00e1\u0161 ostr\u016fvek klidu a harmonie\",\"publisher\":{\"@id\":\"https:\\\/\\\/www.muzacafe.cz\\\/en\\\/#organization\"},\"potentialAction\":[{\"@type\":\"SearchAction\",\"target\":{\"@type\":\"EntryPoint\",\"urlTemplate\":\"https:\\\/\\\/www.muzacafe.cz\\\/en\\\/?s={search_term_string}\"},\"query-input\":{\"@type\":\"PropertyValueSpecification\",\"valueRequired\":true,\"valueName\":\"search_term_string\"}}],\"inLanguage\":\"en-US\"},{\"@type\":\"Organization\",\"@id\":\"https:\\\/\\\/www.muzacafe.cz\\\/en\\\/#organization\",\"name\":\"M\u00faza caf\u00e9\",\"url\":\"https:\\\/\\\/www.muzacafe.cz\\\/en\\\/\",\"logo\":{\"@type\":\"ImageObject\",\"inLanguage\":\"en-US\",\"@id\":\"https:\\\/\\\/www.muzacafe.cz\\\/en\\\/#\\\/schema\\\/logo\\\/image\\\/\",\"url\":\"https:\\\/\\\/www.muzacafe.cz\\\/wp-content\\\/uploads\\\/2024\\\/04\\\/MUZA-CAFE-logo-na-web.svg\",\"contentUrl\":\"https:\\\/\\\/www.muzacafe.cz\\\/wp-content\\\/uploads\\\/2024\\\/04\\\/MUZA-CAFE-logo-na-web.svg\",\"width\":255,\"height\":243,\"caption\":\"M\u00faza caf\u00e9\"},\"image\":{\"@id\":\"https:\\\/\\\/www.muzacafe.cz\\\/en\\\/#\\\/schema\\\/logo\\\/image\\\/\"}}]}<\/script>\n<!-- \/ Yoast SEO plugin. -->","yoast_head_json":{"title":"Menu - M\u00faza caf\u00e9","robots":{"index":"index","follow":"follow","max-snippet":"max-snippet:-1","max-image-preview":"max-image-preview:large","max-video-preview":"max-video-preview:-1"},"canonical":"https:\/\/www.muzacafe.cz\/en\/menu\/","og_locale":"en_US","og_type":"article","og_title":"Menu - M\u00faza caf\u00e9","og_url":"https:\/\/www.muzacafe.cz\/en\/menu\/","og_site_name":"M\u00faza caf\u00e9","article_modified_time":"2025-10-15T14:21:53+00:00","og_image":[{"width":827,"height":1754,"url":"https:\/\/www.muzacafe.cz\/wp-content\/uploads\/2025\/07\/Muza-Menu-CZ-1.jpg","type":"image\/jpeg"}],"twitter_card":"summary_large_image","schema":{"@context":"https:\/\/schema.org","@graph":[{"@type":"WebPage","@id":"https:\/\/www.muzacafe.cz\/en\/menu\/","url":"https:\/\/www.muzacafe.cz\/en\/menu\/","name":"Menu - M\u00faza caf\u00e9","isPartOf":{"@id":"https:\/\/www.muzacafe.cz\/en\/#website"},"primaryImageOfPage":{"@id":"https:\/\/www.muzacafe.cz\/en\/menu\/#primaryimage"},"image":{"@id":"https:\/\/www.muzacafe.cz\/en\/menu\/#primaryimage"},"thumbnailUrl":"https:\/\/www.muzacafe.cz\/wp-content\/uploads\/2025\/07\/Muza-Menu-CZ-1-724x1536.jpg","datePublished":"2025-04-10T21:12:36+00:00","dateModified":"2025-10-15T14:21:53+00:00","breadcrumb":{"@id":"https:\/\/www.muzacafe.cz\/en\/menu\/#breadcrumb"},"inLanguage":"en-US","potentialAction":[{"@type":"ReadAction","target":["https:\/\/www.muzacafe.cz\/en\/menu\/"]}]},{"@type":"ImageObject","inLanguage":"en-US","@id":"https:\/\/www.muzacafe.cz\/en\/menu\/#primaryimage","url":"https:\/\/www.muzacafe.cz\/wp-content\/uploads\/2025\/07\/Muza-Menu-CZ-1-724x1536.jpg","contentUrl":"https:\/\/www.muzacafe.cz\/wp-content\/uploads\/2025\/07\/Muza-Menu-CZ-1-724x1536.jpg"},{"@type":"BreadcrumbList","@id":"https:\/\/www.muzacafe.cz\/en\/menu\/#breadcrumb","itemListElement":[{"@type":"ListItem","position":1,"name":"Dom\u016f","item":"https:\/\/www.muzacafe.cz\/en\/"},{"@type":"ListItem","position":2,"name":"Menu"}]},{"@type":"WebSite","@id":"https:\/\/www.muzacafe.cz\/en\/#website","url":"https:\/\/www.muzacafe.cz\/en\/","name":"M\u00faza caf\u00e9","description":"V\u00e1\u0161 ostr\u016fvek klidu a harmonie","publisher":{"@id":"https:\/\/www.muzacafe.cz\/en\/#organization"},"potentialAction":[{"@type":"SearchAction","target":{"@type":"EntryPoint","urlTemplate":"https:\/\/www.muzacafe.cz\/en\/?s={search_term_string}"},"query-input":{"@type":"PropertyValueSpecification","valueRequired":true,"valueName":"search_term_string"}}],"inLanguage":"en-US"},{"@type":"Organization","@id":"https:\/\/www.muzacafe.cz\/en\/#organization","name":"M\u00faza caf\u00e9","url":"https:\/\/www.muzacafe.cz\/en\/","logo":{"@type":"ImageObject","inLanguage":"en-US","@id":"https:\/\/www.muzacafe.cz\/en\/#\/schema\/logo\/image\/","url":"https:\/\/www.muzacafe.cz\/wp-content\/uploads\/2024\/04\/MUZA-CAFE-logo-na-web.svg","contentUrl":"https:\/\/www.muzacafe.cz\/wp-content\/uploads\/2024\/04\/MUZA-CAFE-logo-na-web.svg","width":255,"height":243,"caption":"M\u00faza caf\u00e9"},"image":{"@id":"https:\/\/www.muzacafe.cz\/en\/#\/schema\/logo\/image\/"}}]}},"_links":{"self":[{"href":"https:\/\/www.muzacafe.cz\/en\/wp-json\/wp\/v2\/pages\/791","targetHints":{"allow":["GET"]}}],"collection":[{"href":"https:\/\/www.muzacafe.cz\/en\/wp-json\/wp\/v2\/pages"}],"about":[{"href":"https:\/\/www.muzacafe.cz\/en\/wp-json\/wp\/v2\/types\/page"}],"author":[{"embeddable":true,"href":"https:\/\/www.muzacafe.cz\/en\/wp-json\/wp\/v2\/users\/1"}],"replies":[{"embeddable":true,"href":"https:\/\/www.muzacafe.cz\/en\/wp-json\/wp\/v2\/comments?post=791"}],"version-history":[{"count":8,"href":"https:\/\/www.muzacafe.cz\/en\/wp-json\/wp\/v2\/pages\/791\/revisions"}],"predecessor-version":[{"id":1007,"href":"https:\/\/www.muzacafe.cz\/en\/wp-json\/wp\/v2\/pages\/791\/revisions\/1007"}],"wp:attachment":[{"href":"https:\/\/www.muzacafe.cz\/en\/wp-json\/wp\/v2\/media?parent=791"}],"curies":[{"name":"wp","href":"https:\/\/api.w.org\/{rel}","templated":true}]}}